{"id":79,"date":"2023-07-03T12:53:03","date_gmt":"2023-07-03T17:53:03","guid":{"rendered":"https:\/\/defensacivilduitama.com\/?page_id=79"},"modified":"2025-02-25T09:29:32","modified_gmt":"2025-02-25T14:29:32","slug":"servicios","status":"publish","type":"page","link":"https:\/\/defensacivilduitama.com\/index.php\/servicios\/","title":{"rendered":"Servicios"},"content":{"rendered":"\t\t<div data-elementor-type=\"wp-page\" data-elementor-id=\"79\" class=\"elementor elementor-79\">\n\t\t\t\t\t\t<section class=\"elementor-section elementor-top-section elementor-element elementor-element-6360389d elementor-section-full_width elementor-section-height-default elementor-section-height-default\" data-id=\"6360389d\" data-element_type=\"section\" data-settings=\"{&quot;background_background&quot;:&quot;gradient&quot;}\">\n\t\t\t\t\t\t<div class=\"elementor-container elementor-column-gap-custom\">\n\t\t\t\t\t<div class=\"elementor-column elementor-col-100 elementor-top-column elementor-element elementor-element-a3394bd\" data-id=\"a3394bd\" data-element_type=\"column\">\n\t\t\t<div class=\"elementor-widget-wrap elementor-element-populated\">\n\t\t\t\t\t\t<div class=\"elementor-element elementor-element-63e146c5 elementor-widget elementor-widget-spacer\" data-id=\"63e146c5\" data-element_type=\"widget\" data-widget_type=\"spacer.default\">\n\t\t\t\t<div class=\"elementor-widget-container\">\n\t\t\t<style>\/*! elementor - v3.21.0 - 26-05-2024 *\/\n.elementor-column .elementor-spacer-inner{height:var(--spacer-size)}.e-con{--container-widget-width:100%}.e-con-inner>.elementor-widget-spacer,.e-con>.elementor-widget-spacer{width:var(--container-widget-width,var(--spacer-size));--align-self:var(--container-widget-align-self,initial);--flex-shrink:0}.e-con-inner>.elementor-widget-spacer>.elementor-widget-container,.e-con>.elementor-widget-spacer>.elementor-widget-container{height:100%;width:100%}.e-con-inner>.elementor-widget-spacer>.elementor-widget-container>.elementor-spacer,.e-con>.elementor-widget-spacer>.elementor-widget-container>.elementor-spacer{height:100%}.e-con-inner>.elementor-widget-spacer>.elementor-widget-container>.elementor-spacer>.elementor-spacer-inner,.e-con>.elementor-widget-spacer>.elementor-widget-container>.elementor-spacer>.elementor-spacer-inner{height:var(--container-widget-height,var(--spacer-size))}.e-con-inner>.elementor-widget-spacer.elementor-widget-empty,.e-con>.elementor-widget-spacer.elementor-widget-empty{position:relative;min-height:22px;min-width:22px}.e-con-inner>.elementor-widget-spacer.elementor-widget-empty .elementor-widget-empty-icon,.e-con>.elementor-widget-spacer.elementor-widget-empty .elementor-widget-empty-icon{position:absolute;top:0;bottom:0;left:0;right:0;margin:auto;padding:0;width:22px;height:22px}<\/style>\t\t<div class=\"elementor-spacer\">\n\t\t\t<div class=\"elementor-spacer-inner\"><\/div>\n\t\t<\/div>\n\t\t\t\t<\/div>\n\t\t\t\t<\/div>\n\t\t\t\t\t<\/div>\n\t\t<\/div>\n\t\t\t\t\t<\/div>\n\t\t<\/section>\n\t\t\t\t<section class=\"elementor-section elementor-top-section elementor-element elementor-element-1f2fe7b6 elementor-section-boxed elementor-section-height-default elementor-section-height-default\" data-id=\"1f2fe7b6\" data-element_type=\"section\">\n\t\t\t\t\t\t<div class=\"elementor-container elementor-column-gap-default\">\n\t\t\t\t\t<div class=\"elementor-column elementor-col-50 elementor-top-column elementor-element elementor-element-334ce3fa\" data-id=\"334ce3fa\" data-element_type=\"column\">\n\t\t\t<div class=\"elementor-widget-wrap elementor-element-populated\">\n\t\t\t\t\t\t<div class=\"elementor-element elementor-element-1bcfc64b elementor-widget elementor-widget-heading\" data-id=\"1bcfc64b\" data-element_type=\"widget\" data-widget_type=\"heading.default\">\n\t\t\t\t<div class=\"elementor-widget-container\">\n\t\t\t<style>\/*! elementor - v3.21.0 - 26-05-2024 *\/\n.elementor-heading-title{padding:0;margin:0;line-height:1}.elementor-widget-heading .elementor-heading-title[class*=elementor-size-]>a{color:inherit;font-size:inherit;line-height:inherit}.elementor-widget-heading .elementor-heading-title.elementor-size-small{font-size:15px}.elementor-widget-heading .elementor-heading-title.elementor-size-medium{font-size:19px}.elementor-widget-heading .elementor-heading-title.elementor-size-large{font-size:29px}.elementor-widget-heading .elementor-heading-title.elementor-size-xl{font-size:39px}.elementor-widget-heading .elementor-heading-title.elementor-size-xxl{font-size:59px}<\/style><h1 class=\"elementor-heading-title elementor-size-default\">Afluencia masiva<\/h1>\t\t<\/div>\n\t\t\t\t<\/div>\n\t\t\t\t<div class=\"elementor-element elementor-element-19f6dbce elementor-widget elementor-widget-text-editor\" data-id=\"19f6dbce\" data-element_type=\"widget\" data-widget_type=\"text-editor.default\">\n\t\t\t\t<div class=\"elementor-widget-container\">\n\t\t\t<style>\/*! elementor - v3.21.0 - 26-05-2024 *\/\n.elementor-widget-text-editor.elementor-drop-cap-view-stacked .elementor-drop-cap{background-color:#69727d;color:#fff}.elementor-widget-text-editor.elementor-drop-cap-view-framed .elementor-drop-cap{color:#69727d;border:3px solid;background-color:transparent}.elementor-widget-text-editor:not(.elementor-drop-cap-view-default) .elementor-drop-cap{margin-top:8px}.elementor-widget-text-editor:not(.elementor-drop-cap-view-default) .elementor-drop-cap-letter{width:1em;height:1em}.elementor-widget-text-editor .elementor-drop-cap{float:left;text-align:center;line-height:1;font-size:50px}.elementor-widget-text-editor .elementor-drop-cap-letter{display:inline-block}<\/style>\t\t\t\t<p>Es una actividad&nbsp;<span style=\"background-color: var(--ast-global-color-5);\">planificada en un lugar y momento que convoca y concentra un&nbsp;<\/span><span style=\"font-style: inherit; font-weight: inherit; letter-spacing: -0.3px; background-color: var(--ast-global-color-5);\">grupo determinado de personas. tales como:<\/span><\/p>\n<p>1. Encuentros y espect\u00e1culos deportivos.<\/p>\n<p>2. Espect\u00e1culos p\u00fablicos de las artes esc\u00e9nicas.<\/p>\n<p>3. Ferias, festivales, rodeos, corridas de toros y corralejas.<\/p>\n<p>4. Congresos, simposios, seminarios o similares.<\/p>\n<p>5. Exhibiciones (desfiles de modas, reinados, exposiciones, entre otras).<\/p>\n<p>6. Otro tipo de actividades consideradas de alto riesgo por la autoridad local&nbsp;<span style=\"font-style: inherit; font-weight: inherit; letter-spacing: -0.3px; background-color: var(--ast-global-color-5);\">que conlleven a la concentraci\u00f3n de personas.<\/span><\/p>\n<p>Para ello la <b>Defensa Civil Duitama,<\/b> cuenta con personal capacitado y veh\u00edculos de emergencia dispuestos a cubrir las <span style=\"background-color: var(--ast-global-color-5);\">servicios de atenci\u00f3n en salud (primeros auxilios, atenci\u00f3n prehospitalaria y\/o&nbsp;<\/span><span style=\"font-style: inherit; font-weight: inherit; letter-spacing: -0.3px; background-color: var(--ast-global-color-5);\">atenci\u00f3n m\u00e9dica).<\/span><\/p>\t\t\t\t\t\t<\/div>\n\t\t\t\t<\/div>\n\t\t\t\t<div class=\"elementor-element elementor-element-20288fa elementor-widget elementor-widget-text-editor\" data-id=\"20288fa\" data-element_type=\"widget\" data-widget_type=\"text-editor.default\">\n\t\t\t\t<div class=\"elementor-widget-container\">\n\t\t\t\t\t\t\t<p>Puedes enviarnos la solicitud con el formato como adjunto a <strong>contacto@defensacivilduitama.com<\/strong><\/p>\t\t\t\t\t\t<\/div>\n\t\t\t\t<\/div>\n\t\t\t\t<div class=\"elementor-element elementor-element-371d138 elementor-button-info elementor-align-center elementor-widget elementor-widget-button\" data-id=\"371d138\" data-element_type=\"widget\" data-widget_type=\"button.default\">\n\t\t\t\t<div class=\"elementor-widget-container\">\n\t\t\t\t\t<div class=\"elementor-button-wrapper\">\n\t\t\t<a class=\"elementor-button elementor-button-link elementor-size-sm\" href=\"http:\/\/defensacivilduitama.com\/wp-content\/uploads\/2025\/02\/ATN-FT-010-SOLICITUD-SERVICIO-ATENCION-EVENTO-AFLUENCIA-MASIVA-V2.doc\" download=\"\">\n\t\t\t\t\t\t<span class=\"elementor-button-content-wrapper\">\n\t\t\t\t\t\t\t\t\t<span class=\"elementor-button-text\">Descarga el formato aqu\u00ed<\/span>\n\t\t\t\t\t<\/span>\n\t\t\t\t\t<\/a>\n\t\t<\/div>\n\t\t\t\t<\/div>\n\t\t\t\t<\/div>\n\t\t\t\t\t<\/div>\n\t\t<\/div>\n\t\t\t\t<div class=\"elementor-column elementor-col-50 elementor-top-column elementor-element elementor-element-9bd7477\" data-id=\"9bd7477\" data-element_type=\"column\">\n\t\t\t<div class=\"elementor-widget-wrap elementor-element-populated\">\n\t\t\t\t\t\t<div class=\"elementor-element elementor-element-db4d433 elementor-widget elementor-widget-image\" data-id=\"db4d433\" data-element_type=\"widget\" data-widget_type=\"image.default\">\n\t\t\t\t<div class=\"elementor-widget-container\">\n\t\t\t<style>\/*! elementor - v3.21.0 - 26-05-2024 *\/\n.elementor-widget-image{text-align:center}.elementor-widget-image a{display:inline-block}.elementor-widget-image a img[src$=\".svg\"]{width:48px}.elementor-widget-image img{vertical-align:middle;display:inline-block}<\/style>\t\t\t\t\t\t\t\t\t\t<img fetchpriority=\"high\" decoding=\"async\" width=\"710\" height=\"946\" src=\"https:\/\/defensacivilduitama.com\/wp-content\/uploads\/2023\/07\/IMG_20230331_165258.jpg\" class=\"attachment-medium_large size-medium_large wp-image-334\" alt=\"\" srcset=\"https:\/\/defensacivilduitama.com\/wp-content\/uploads\/2023\/07\/IMG_20230331_165258.jpg 710w, https:\/\/defensacivilduitama.com\/wp-content\/uploads\/2023\/07\/IMG_20230331_165258-225x300.jpg 225w\" sizes=\"(max-width: 710px) 100vw, 710px\" \/>\t\t\t\t\t\t\t\t\t\t\t\t\t<\/div>\n\t\t\t\t<\/div>\n\t\t\t\t\t<\/div>\n\t\t<\/div>\n\t\t\t\t\t<\/div>\n\t\t<\/section>\n\t\t\t\t<\/div>\n\t\t","protected":false},"excerpt":{"rendered":"<p>Afluencia masiva Es una actividad&nbsp;planificada en un lugar y momento que convoca y concentra un&nbsp;grupo determinado de personas. tales como: 1. Encuentros y espect\u00e1culos deportivos. 2. Espect\u00e1culos p\u00fablicos de las artes esc\u00e9nicas. 3. Ferias, festivales, rodeos, corridas de toros y corralejas. 4. Congresos, simposios, seminarios o similares. 5. Exhibiciones (desfiles de modas, reinados, exposiciones, entre &hellip;<\/p>\n<p class=\"read-more\"> <a class=\"\" href=\"https:\/\/defensacivilduitama.com\/index.php\/servicios\/\"> <span class=\"screen-reader-text\">Servicios<\/span> Leer m\u00e1s &raquo;<\/a><\/p>\n","protected":false},"author":1,"featured_media":0,"parent":0,"menu_order":0,"comment_status":"closed","ping_status":"closed","template":"","meta":{"site-sidebar-layout":"no-sidebar","site-content-layout":"page-builder","ast-global-header-display":"","ast-banner-title-visibility":"","ast-main-header-display":"","ast-hfb-above-header-display":"","ast-hfb-below-header-display":"","ast-hfb-mobile-header-display":"","site-post-title":"disabled","ast-breadcrumbs-content":"","ast-featured-img":"disabled","footer-sml-layout":"","theme-transparent-header-meta":"","adv-header-id-meta":"","stick-header-meta":"","header-above-stick-meta":"","header-main-stick-meta":"","header-below-stick-meta":"","footnotes":""},"class_list":["post-79","page","type-page","status-publish","hentry"],"_links":{"self":[{"href":"https:\/\/defensacivilduitama.com\/index.php\/wp-json\/wp\/v2\/pages\/79"}],"collection":[{"href":"https:\/\/defensacivilduitama.com\/index.php\/wp-json\/wp\/v2\/pages"}],"about":[{"href":"https:\/\/defensacivilduitama.com\/index.php\/wp-json\/wp\/v2\/types\/page"}],"author":[{"embeddable":true,"href":"https:\/\/defensacivilduitama.com\/index.php\/wp-json\/wp\/v2\/users\/1"}],"replies":[{"embeddable":true,"href":"https:\/\/defensacivilduitama.com\/index.php\/wp-json\/wp\/v2\/comments?post=79"}],"version-history":[{"count":58,"href":"https:\/\/defensacivilduitama.com\/index.php\/wp-json\/wp\/v2\/pages\/79\/revisions"}],"predecessor-version":[{"id":740,"href":"https:\/\/defensacivilduitama.com\/index.php\/wp-json\/wp\/v2\/pages\/79\/revisions\/740"}],"wp:attachment":[{"href":"https:\/\/defensacivilduitama.com\/index.php\/wp-json\/wp\/v2\/media?parent=79"}],"curies":[{"name":"wp","href":"https:\/\/api.w.org\/{rel}","templated":true}]}}