{"id":331,"date":"2023-07-05T19:56:37","date_gmt":"2023-07-06T00:56:37","guid":{"rendered":"https:\/\/defensacivilduitama.com\/?page_id=331"},"modified":"2025-12-06T19:09:40","modified_gmt":"2025-12-07T00:09:40","slug":"organigrama","status":"publish","type":"page","link":"https:\/\/defensacivilduitama.com\/index.php\/organigrama\/","title":{"rendered":"Organigrama"},"content":{"rendered":"\t\t<div data-elementor-type=\"wp-page\" data-elementor-id=\"331\" class=\"elementor elementor-331\">\n\t\t\t\t\t\t<section class=\"elementor-section elementor-top-section elementor-element elementor-element-51c33d33 elementor-section-full_width elementor-section-height-default elementor-section-height-default\" data-id=\"51c33d33\" data-element_type=\"section\" data-settings=\"{&quot;background_background&quot;:&quot;gradient&quot;}\">\n\t\t\t\t\t\t<div class=\"elementor-container elementor-column-gap-custom\">\n\t\t\t\t\t<div class=\"elementor-column elementor-col-100 elementor-top-column elementor-element elementor-element-5d6ef8cf\" data-id=\"5d6ef8cf\" data-element_type=\"column\">\n\t\t\t<div class=\"elementor-widget-wrap elementor-element-populated\">\n\t\t\t\t\t\t<div class=\"elementor-element elementor-element-56e2464 elementor-widget elementor-widget-spacer\" data-id=\"56e2464\" data-element_type=\"widget\" data-widget_type=\"spacer.default\">\n\t\t\t\t<div class=\"elementor-widget-container\">\n\t\t\t<style>\/*! elementor - v3.21.0 - 26-05-2024 *\/\n.elementor-column .elementor-spacer-inner{height:var(--spacer-size)}.e-con{--container-widget-width:100%}.e-con-inner>.elementor-widget-spacer,.e-con>.elementor-widget-spacer{width:var(--container-widget-width,var(--spacer-size));--align-self:var(--container-widget-align-self,initial);--flex-shrink:0}.e-con-inner>.elementor-widget-spacer>.elementor-widget-container,.e-con>.elementor-widget-spacer>.elementor-widget-container{height:100%;width:100%}.e-con-inner>.elementor-widget-spacer>.elementor-widget-container>.elementor-spacer,.e-con>.elementor-widget-spacer>.elementor-widget-container>.elementor-spacer{height:100%}.e-con-inner>.elementor-widget-spacer>.elementor-widget-container>.elementor-spacer>.elementor-spacer-inner,.e-con>.elementor-widget-spacer>.elementor-widget-container>.elementor-spacer>.elementor-spacer-inner{height:var(--container-widget-height,var(--spacer-size))}.e-con-inner>.elementor-widget-spacer.elementor-widget-empty,.e-con>.elementor-widget-spacer.elementor-widget-empty{position:relative;min-height:22px;min-width:22px}.e-con-inner>.elementor-widget-spacer.elementor-widget-empty .elementor-widget-empty-icon,.e-con>.elementor-widget-spacer.elementor-widget-empty .elementor-widget-empty-icon{position:absolute;top:0;bottom:0;left:0;right:0;margin:auto;padding:0;width:22px;height:22px}<\/style>\t\t<div class=\"elementor-spacer\">\n\t\t\t<div class=\"elementor-spacer-inner\"><\/div>\n\t\t<\/div>\n\t\t\t\t<\/div>\n\t\t\t\t<\/div>\n\t\t\t\t\t<\/div>\n\t\t<\/div>\n\t\t\t\t\t<\/div>\n\t\t<\/section>\n\t\t\t\t<section class=\"elementor-section elementor-top-section elementor-element elementor-element-7532fd6f elementor-section-content-middle elementor-section-boxed elementor-section-height-default elementor-section-height-default\" data-id=\"7532fd6f\" data-element_type=\"section\">\n\t\t\t\t\t\t<div class=\"elementor-container elementor-column-gap-no\">\n\t\t\t\t\t<div class=\"elementor-column elementor-col-100 elementor-top-column elementor-element elementor-element-4bb2a8e9\" data-id=\"4bb2a8e9\" data-element_type=\"column\">\n\t\t\t<div class=\"elementor-widget-wrap elementor-element-populated\">\n\t\t\t\t\t\t<div class=\"elementor-element elementor-element-2e908350 elementor-widget elementor-widget-heading\" data-id=\"2e908350\" data-element_type=\"widget\" data-widget_type=\"heading.default\">\n\t\t\t\t<div class=\"elementor-widget-container\">\n\t\t\t<style>\/*! elementor - v3.21.0 - 26-05-2024 *\/\n.elementor-heading-title{padding:0;margin:0;line-height:1}.elementor-widget-heading .elementor-heading-title[class*=elementor-size-]>a{color:inherit;font-size:inherit;line-height:inherit}.elementor-widget-heading .elementor-heading-title.elementor-size-small{font-size:15px}.elementor-widget-heading .elementor-heading-title.elementor-size-medium{font-size:19px}.elementor-widget-heading .elementor-heading-title.elementor-size-large{font-size:29px}.elementor-widget-heading .elementor-heading-title.elementor-size-xl{font-size:39px}.elementor-widget-heading .elementor-heading-title.elementor-size-xxl{font-size:59px}<\/style><h4 class=\"elementor-heading-title elementor-size-default\">Junta de Defensa Civil Duitama<\/h4>\t\t<\/div>\n\t\t\t\t<\/div>\n\t\t\t\t<div class=\"elementor-element elementor-element-719911c4 elementor-widget elementor-widget-text-editor\" data-id=\"719911c4\" data-element_type=\"widget\" data-widget_type=\"text-editor.default\">\n\t\t\t\t<div class=\"elementor-widget-container\">\n\t\t\t<style>\/*! elementor - v3.21.0 - 26-05-2024 *\/\n.elementor-widget-text-editor.elementor-drop-cap-view-stacked .elementor-drop-cap{background-color:#69727d;color:#fff}.elementor-widget-text-editor.elementor-drop-cap-view-framed .elementor-drop-cap{color:#69727d;border:3px solid;background-color:transparent}.elementor-widget-text-editor:not(.elementor-drop-cap-view-default) .elementor-drop-cap{margin-top:8px}.elementor-widget-text-editor:not(.elementor-drop-cap-view-default) .elementor-drop-cap-letter{width:1em;height:1em}.elementor-widget-text-editor .elementor-drop-cap{float:left;text-align:center;line-height:1;font-size:50px}.elementor-widget-text-editor .elementor-drop-cap-letter{display:inline-block}<\/style>\t\t\t\t<p>RESOLUCI\u00d3N N\u00daMERO 000435 DEL 27 DE SEPTIEMBRE 2024<\/p>\t\t\t\t\t\t<\/div>\n\t\t\t\t<\/div>\n\t\t\t\t<section class=\"elementor-section elementor-inner-section elementor-element elementor-element-6bc112d9 elementor-section-boxed elementor-section-height-default elementor-section-height-default\" data-id=\"6bc112d9\" data-element_type=\"section\">\n\t\t\t\t\t\t<div class=\"elementor-container elementor-column-gap-default\">\n\t\t\t\t\t<div class=\"elementor-column elementor-col-50 elementor-inner-column elementor-element elementor-element-1013e9c2\" data-id=\"1013e9c2\" data-element_type=\"column\">\n\t\t\t<div class=\"elementor-widget-wrap elementor-element-populated\">\n\t\t\t\t\t\t<div class=\"elementor-element elementor-element-19b21a2d elementor-position-top elementor-widget elementor-widget-image-box\" data-id=\"19b21a2d\" data-element_type=\"widget\" data-widget_type=\"image-box.default\">\n\t\t\t\t<div class=\"elementor-widget-container\">\n\t\t\t<style>\/*! elementor - v3.21.0 - 26-05-2024 *\/\n.elementor-widget-image-box .elementor-image-box-content{width:100%}@media (min-width:768px){.elementor-widget-image-box.elementor-position-left .elementor-image-box-wrapper,.elementor-widget-image-box.elementor-position-right .elementor-image-box-wrapper{display:flex}.elementor-widget-image-box.elementor-position-right .elementor-image-box-wrapper{text-align:end;flex-direction:row-reverse}.elementor-widget-image-box.elementor-position-left .elementor-image-box-wrapper{text-align:start;flex-direction:row}.elementor-widget-image-box.elementor-position-top .elementor-image-box-img{margin:auto}.elementor-widget-image-box.elementor-vertical-align-top .elementor-image-box-wrapper{align-items:flex-start}.elementor-widget-image-box.elementor-vertical-align-middle .elementor-image-box-wrapper{align-items:center}.elementor-widget-image-box.elementor-vertical-align-bottom .elementor-image-box-wrapper{align-items:flex-end}}@media (max-width:767px){.elementor-widget-image-box .elementor-image-box-img{margin-left:auto!important;margin-right:auto!important;margin-bottom:15px}}.elementor-widget-image-box .elementor-image-box-img{display:inline-block}.elementor-widget-image-box .elementor-image-box-title a{color:inherit}.elementor-widget-image-box .elementor-image-box-wrapper{text-align:center}.elementor-widget-image-box .elementor-image-box-description{margin:0}<\/style><div class=\"elementor-image-box-wrapper\"><figure class=\"elementor-image-box-img\"><img fetchpriority=\"high\" decoding=\"async\" width=\"1080\" height=\"1080\" src=\"https:\/\/defensacivilduitama.com\/wp-content\/uploads\/2025\/12\/Abstract-Profile-Photo-Instagram-Post.png\" class=\"elementor-animation-grow attachment-full size-full wp-image-792\" alt=\"\" srcset=\"https:\/\/defensacivilduitama.com\/wp-content\/uploads\/2025\/12\/Abstract-Profile-Photo-Instagram-Post.png 1080w, https:\/\/defensacivilduitama.com\/wp-content\/uploads\/2025\/12\/Abstract-Profile-Photo-Instagram-Post-300x300.png 300w, https:\/\/defensacivilduitama.com\/wp-content\/uploads\/2025\/12\/Abstract-Profile-Photo-Instagram-Post-1024x1024.png 1024w, https:\/\/defensacivilduitama.com\/wp-content\/uploads\/2025\/12\/Abstract-Profile-Photo-Instagram-Post-150x150.png 150w, https:\/\/defensacivilduitama.com\/wp-content\/uploads\/2025\/12\/Abstract-Profile-Photo-Instagram-Post-768x768.png 768w\" sizes=\"(max-width: 1080px) 100vw, 1080px\" \/><\/figure><div class=\"elementor-image-box-content\"><h3 class=\"elementor-image-box-title\">Yeferson Thomas cer\u00f3n Godoy<\/h3><p class=\"elementor-image-box-description\">PRESIDENTE<\/p><\/div><\/div>\t\t<\/div>\n\t\t\t\t<\/div>\n\t\t\t\t<div class=\"elementor-element elementor-element-26796f13 elementor-widget elementor-widget-text-editor\" data-id=\"26796f13\" data-element_type=\"widget\" data-widget_type=\"text-editor.default\">\n\t\t\t\t<div class=\"elementor-widget-container\">\n\t\t\t\t\t\t\t<p>Ingeniero de sistemas y T\u00e9cnico en b\u00fasqueda y rescate.<\/p>\t\t\t\t\t\t<\/div>\n\t\t\t\t<\/div>\n\t\t\t\t\t<\/div>\n\t\t<\/div>\n\t\t\t\t<div class=\"elementor-column elementor-col-50 elementor-inner-column elementor-element elementor-element-2da0e3a\" data-id=\"2da0e3a\" data-element_type=\"column\">\n\t\t\t<div class=\"elementor-widget-wrap elementor-element-populated\">\n\t\t\t\t\t\t<div class=\"elementor-element elementor-element-08265f7 elementor-position-top elementor-widget elementor-widget-image-box\" data-id=\"08265f7\" data-element_type=\"widget\" data-widget_type=\"image-box.default\">\n\t\t\t\t<div class=\"elementor-widget-container\">\n\t\t\t<div class=\"elementor-image-box-wrapper\"><figure class=\"elementor-image-box-img\"><img decoding=\"async\" width=\"1080\" height=\"1080\" src=\"https:\/\/defensacivilduitama.com\/wp-content\/uploads\/2025\/08\/Abstract-Profile-Photo-Instagram-Post.png\" class=\"elementor-animation-grow attachment-full size-full wp-image-756\" alt=\"\" srcset=\"https:\/\/defensacivilduitama.com\/wp-content\/uploads\/2025\/08\/Abstract-Profile-Photo-Instagram-Post.png 1080w, https:\/\/defensacivilduitama.com\/wp-content\/uploads\/2025\/08\/Abstract-Profile-Photo-Instagram-Post-300x300.png 300w, https:\/\/defensacivilduitama.com\/wp-content\/uploads\/2025\/08\/Abstract-Profile-Photo-Instagram-Post-1024x1024.png 1024w, https:\/\/defensacivilduitama.com\/wp-content\/uploads\/2025\/08\/Abstract-Profile-Photo-Instagram-Post-150x150.png 150w, https:\/\/defensacivilduitama.com\/wp-content\/uploads\/2025\/08\/Abstract-Profile-Photo-Instagram-Post-768x768.png 768w\" sizes=\"(max-width: 1080px) 100vw, 1080px\" \/><\/figure><div class=\"elementor-image-box-content\"><h3 class=\"elementor-image-box-title\">Fausto Andres Trujillo Pinto<\/h3><p class=\"elementor-image-box-description\">VICEPRESIDENTE<\/p><\/div><\/div>\t\t<\/div>\n\t\t\t\t<\/div>\n\t\t\t\t<div class=\"elementor-element elementor-element-d2fd23e elementor-widget elementor-widget-text-editor\" data-id=\"d2fd23e\" data-element_type=\"widget\" data-widget_type=\"text-editor.default\">\n\t\t\t\t<div class=\"elementor-widget-container\">\n\t\t\t\t\t\t\t<p>Ingeniero de transporte y V\u00edas, especialista en Geotecnia Vial y Pavimentos.<\/p>\t\t\t\t\t\t<\/div>\n\t\t\t\t<\/div>\n\t\t\t\t\t<\/div>\n\t\t<\/div>\n\t\t\t\t\t<\/div>\n\t\t<\/section>\n\t\t\t\t<section class=\"elementor-section elementor-inner-section elementor-element elementor-element-499e372 elementor-section-boxed elementor-section-height-default elementor-section-height-default\" data-id=\"499e372\" data-element_type=\"section\">\n\t\t\t\t\t\t<div class=\"elementor-container elementor-column-gap-default\">\n\t\t\t\t\t<div class=\"elementor-column elementor-col-50 elementor-inner-column elementor-element elementor-element-6555c23\" data-id=\"6555c23\" data-element_type=\"column\">\n\t\t\t<div class=\"elementor-widget-wrap elementor-element-populated\">\n\t\t\t\t\t\t<div class=\"elementor-element elementor-element-ebfd398 elementor-position-top elementor-widget elementor-widget-image-box\" data-id=\"ebfd398\" data-element_type=\"widget\" data-widget_type=\"image-box.default\">\n\t\t\t\t<div class=\"elementor-widget-container\">\n\t\t\t<div class=\"elementor-image-box-wrapper\"><figure class=\"elementor-image-box-img\"><img decoding=\"async\" width=\"1080\" height=\"1080\" src=\"https:\/\/defensacivilduitama.com\/wp-content\/uploads\/2025\/12\/daniela.png\" class=\"elementor-animation-grow attachment-full size-full wp-image-793\" alt=\"\" srcset=\"https:\/\/defensacivilduitama.com\/wp-content\/uploads\/2025\/12\/daniela.png 1080w, https:\/\/defensacivilduitama.com\/wp-content\/uploads\/2025\/12\/daniela-300x300.png 300w, https:\/\/defensacivilduitama.com\/wp-content\/uploads\/2025\/12\/daniela-1024x1024.png 1024w, https:\/\/defensacivilduitama.com\/wp-content\/uploads\/2025\/12\/daniela-150x150.png 150w, https:\/\/defensacivilduitama.com\/wp-content\/uploads\/2025\/12\/daniela-768x768.png 768w\" sizes=\"(max-width: 1080px) 100vw, 1080px\" \/><\/figure><div class=\"elementor-image-box-content\"><h3 class=\"elementor-image-box-title\">Daniela Rodriguez Pinz\u00f3n<\/h3><p class=\"elementor-image-box-description\">SECRETARIA<\/p><\/div><\/div>\t\t<\/div>\n\t\t\t\t<\/div>\n\t\t\t\t<div class=\"elementor-element elementor-element-66bc17d elementor-widget elementor-widget-text-editor\" data-id=\"66bc17d\" data-element_type=\"widget\" data-widget_type=\"text-editor.default\">\n\t\t\t\t<div class=\"elementor-widget-container\">\n\t\t\t\t\t\t\t<p>T\u00e9cnico en auxiliar en enfermer\u00eda<\/p>\t\t\t\t\t\t<\/div>\n\t\t\t\t<\/div>\n\t\t\t\t\t<\/div>\n\t\t<\/div>\n\t\t\t\t<div class=\"elementor-column elementor-col-50 elementor-inner-column elementor-element elementor-element-9a63222\" data-id=\"9a63222\" data-element_type=\"column\">\n\t\t\t<div class=\"elementor-widget-wrap elementor-element-populated\">\n\t\t\t\t\t\t<div class=\"elementor-element elementor-element-0a3ce3e elementor-position-top elementor-widget elementor-widget-image-box\" data-id=\"0a3ce3e\" data-element_type=\"widget\" data-widget_type=\"image-box.default\">\n\t\t\t\t<div class=\"elementor-widget-container\">\n\t\t\t<div class=\"elementor-image-box-wrapper\"><figure class=\"elementor-image-box-img\"><img loading=\"lazy\" decoding=\"async\" width=\"1080\" height=\"1080\" src=\"https:\/\/defensacivilduitama.com\/wp-content\/uploads\/2025\/12\/rubenm.png\" class=\"elementor-animation-grow attachment-full size-full wp-image-794\" alt=\"\" srcset=\"https:\/\/defensacivilduitama.com\/wp-content\/uploads\/2025\/12\/rubenm.png 1080w, https:\/\/defensacivilduitama.com\/wp-content\/uploads\/2025\/12\/rubenm-300x300.png 300w, https:\/\/defensacivilduitama.com\/wp-content\/uploads\/2025\/12\/rubenm-1024x1024.png 1024w, https:\/\/defensacivilduitama.com\/wp-content\/uploads\/2025\/12\/rubenm-150x150.png 150w, https:\/\/defensacivilduitama.com\/wp-content\/uploads\/2025\/12\/rubenm-768x768.png 768w\" sizes=\"(max-width: 1080px) 100vw, 1080px\" \/><\/figure><div class=\"elementor-image-box-content\"><h3 class=\"elementor-image-box-title\">Ruben Dario Jaime Becerra<\/h3><p class=\"elementor-image-box-description\">VOLUNTARIO COORDINADOR<\/p><\/div><\/div>\t\t<\/div>\n\t\t\t\t<\/div>\n\t\t\t\t<div class=\"elementor-element elementor-element-c920ccb elementor-widget elementor-widget-text-editor\" data-id=\"c920ccb\" data-element_type=\"widget\" data-widget_type=\"text-editor.default\">\n\t\t\t\t<div class=\"elementor-widget-container\">\n\t\t\t\t\t\t\t<p>T\u00e9cnico en mecanica de motos.<\/p>\t\t\t\t\t\t<\/div>\n\t\t\t\t<\/div>\n\t\t\t\t\t<\/div>\n\t\t<\/div>\n\t\t\t\t\t<\/div>\n\t\t<\/section>\n\t\t\t\t<section class=\"elementor-section elementor-inner-section elementor-element elementor-element-c7df4d7 elementor-section-boxed elementor-section-height-default elementor-section-height-default\" data-id=\"c7df4d7\" data-element_type=\"section\">\n\t\t\t\t\t\t<div class=\"elementor-container elementor-column-gap-default\">\n\t\t\t\t\t<div class=\"elementor-column elementor-col-50 elementor-inner-column elementor-element elementor-element-11e83f2\" data-id=\"11e83f2\" data-element_type=\"column\">\n\t\t\t<div class=\"elementor-widget-wrap elementor-element-populated\">\n\t\t\t\t\t\t<div class=\"elementor-element elementor-element-be590ad elementor-position-top elementor-widget elementor-widget-image-box\" data-id=\"be590ad\" data-element_type=\"widget\" data-widget_type=\"image-box.default\">\n\t\t\t\t<div class=\"elementor-widget-container\">\n\t\t\t<div class=\"elementor-image-box-wrapper\"><figure class=\"elementor-image-box-img\"><img loading=\"lazy\" decoding=\"async\" width=\"1080\" height=\"1080\" src=\"https:\/\/defensacivilduitama.com\/wp-content\/uploads\/2025\/08\/yady-baez.png\" class=\"elementor-animation-grow attachment-full size-full wp-image-764\" alt=\"\" srcset=\"https:\/\/defensacivilduitama.com\/wp-content\/uploads\/2025\/08\/yady-baez.png 1080w, https:\/\/defensacivilduitama.com\/wp-content\/uploads\/2025\/08\/yady-baez-300x300.png 300w, https:\/\/defensacivilduitama.com\/wp-content\/uploads\/2025\/08\/yady-baez-1024x1024.png 1024w, https:\/\/defensacivilduitama.com\/wp-content\/uploads\/2025\/08\/yady-baez-150x150.png 150w, https:\/\/defensacivilduitama.com\/wp-content\/uploads\/2025\/08\/yady-baez-768x768.png 768w\" sizes=\"(max-width: 1080px) 100vw, 1080px\" \/><\/figure><div class=\"elementor-image-box-content\"><h3 class=\"elementor-image-box-title\">Yady Consuelo Baez Romero<\/h3><p class=\"elementor-image-box-description\">Tesorera<\/p><\/div><\/div>\t\t<\/div>\n\t\t\t\t<\/div>\n\t\t\t\t<div class=\"elementor-element elementor-element-08c96f4 elementor-widget elementor-widget-text-editor\" data-id=\"08c96f4\" data-element_type=\"widget\" data-widget_type=\"text-editor.default\">\n\t\t\t\t<div class=\"elementor-widget-container\">\n\t\t\t\t\t\t\t<p>T\u00e9cnica judicial y criminalistica, y auxiliar de enfermer\u00eda.<\/p>\t\t\t\t\t\t<\/div>\n\t\t\t\t<\/div>\n\t\t\t\t\t<\/div>\n\t\t<\/div>\n\t\t\t\t<div class=\"elementor-column elementor-col-50 elementor-inner-column elementor-element elementor-element-c366f8e\" data-id=\"c366f8e\" data-element_type=\"column\">\n\t\t\t<div class=\"elementor-widget-wrap elementor-element-populated\">\n\t\t\t\t\t\t<div class=\"elementor-element elementor-element-9c6c76a elementor-position-top elementor-widget elementor-widget-image-box\" data-id=\"9c6c76a\" data-element_type=\"widget\" data-widget_type=\"image-box.default\">\n\t\t\t\t<div class=\"elementor-widget-container\">\n\t\t\t<div class=\"elementor-image-box-wrapper\"><figure class=\"elementor-image-box-img\"><img loading=\"lazy\" decoding=\"async\" width=\"1080\" height=\"1080\" src=\"https:\/\/defensacivilduitama.com\/wp-content\/uploads\/2025\/12\/fiscal.png\" class=\"elementor-animation-grow attachment-full size-full wp-image-795\" alt=\"\" srcset=\"https:\/\/defensacivilduitama.com\/wp-content\/uploads\/2025\/12\/fiscal.png 1080w, https:\/\/defensacivilduitama.com\/wp-content\/uploads\/2025\/12\/fiscal-300x300.png 300w, https:\/\/defensacivilduitama.com\/wp-content\/uploads\/2025\/12\/fiscal-1024x1024.png 1024w, https:\/\/defensacivilduitama.com\/wp-content\/uploads\/2025\/12\/fiscal-150x150.png 150w, https:\/\/defensacivilduitama.com\/wp-content\/uploads\/2025\/12\/fiscal-768x768.png 768w\" sizes=\"(max-width: 1080px) 100vw, 1080px\" \/><\/figure><div class=\"elementor-image-box-content\"><h3 class=\"elementor-image-box-title\">Angie Juliana Salazar Torres<\/h3><p class=\"elementor-image-box-description\">Fiscal<\/p><\/div><\/div>\t\t<\/div>\n\t\t\t\t<\/div>\n\t\t\t\t<div class=\"elementor-element elementor-element-6be4546 elementor-widget elementor-widget-text-editor\" data-id=\"6be4546\" data-element_type=\"widget\" data-widget_type=\"text-editor.default\">\n\t\t\t\t<div class=\"elementor-widget-container\">\n\t\t\t\t\t\t\t<p>Lic en Educaci\u00f3n Preescolar, Especialista en gerencia educacional. T\u00e9cnica en acci\u00f3n social con \u00e9nfasis en desastres<\/p>\t\t\t\t\t\t<\/div>\n\t\t\t\t<\/div>\n\t\t\t\t\t<\/div>\n\t\t<\/div>\n\t\t\t\t\t<\/div>\n\t\t<\/section>\n\t\t\t\t\t<\/div>\n\t\t<\/div>\n\t\t\t\t\t<\/div>\n\t\t<\/section>\n\t\t\t\t<\/div>\n\t\t","protected":false},"excerpt":{"rendered":"<p>Junta de Defensa Civil Duitama RESOLUCI\u00d3N N\u00daMERO 000435 DEL 27 DE SEPTIEMBRE 2024 Yeferson Thomas cer\u00f3n Godoy PRESIDENTE Ingeniero de sistemas y T\u00e9cnico en b\u00fasqueda y rescate. Fausto Andres Trujillo Pinto VICEPRESIDENTE Ingeniero de transporte y V\u00edas, especialista en Geotecnia Vial y Pavimentos. Daniela Rodriguez Pinz\u00f3n SECRETARIA T\u00e9cnico en auxiliar en enfermer\u00eda Ruben Dario Jaime &hellip;<\/p>\n<p class=\"read-more\"> <a class=\"\" href=\"https:\/\/defensacivilduitama.com\/index.php\/organigrama\/\"> <span class=\"screen-reader-text\">Organigrama<\/span> Leer m\u00e1s &raquo;<\/a><\/p>\n","protected":false},"author":1,"featured_media":0,"parent":0,"menu_order":0,"comment_status":"closed","ping_status":"closed","template":"","meta":{"site-sidebar-layout":"no-sidebar","site-content-layout":"page-builder","ast-global-header-display":"","ast-banner-title-visibility":"","ast-main-header-display":"","ast-hfb-above-header-display":"","ast-hfb-below-header-display":"","ast-hfb-mobile-header-display":"","site-post-title":"disabled","ast-breadcrumbs-content":"","ast-featured-img":"disabled","footer-sml-layout":"","theme-transparent-header-meta":"","adv-header-id-meta":"","stick-header-meta":"","header-above-stick-meta":"","header-main-stick-meta":"","header-below-stick-meta":"","footnotes":""},"class_list":["post-331","page","type-page","status-publish","hentry"],"_links":{"self":[{"href":"https:\/\/defensacivilduitama.com\/index.php\/wp-json\/wp\/v2\/pages\/331"}],"collection":[{"href":"https:\/\/defensacivilduitama.com\/index.php\/wp-json\/wp\/v2\/pages"}],"about":[{"href":"https:\/\/defensacivilduitama.com\/index.php\/wp-json\/wp\/v2\/types\/page"}],"author":[{"embeddable":true,"href":"https:\/\/defensacivilduitama.com\/index.php\/wp-json\/wp\/v2\/users\/1"}],"replies":[{"embeddable":true,"href":"https:\/\/defensacivilduitama.com\/index.php\/wp-json\/wp\/v2\/comments?post=331"}],"version-history":[{"count":43,"href":"https:\/\/defensacivilduitama.com\/index.php\/wp-json\/wp\/v2\/pages\/331\/revisions"}],"predecessor-version":[{"id":798,"href":"https:\/\/defensacivilduitama.com\/index.php\/wp-json\/wp\/v2\/pages\/331\/revisions\/798"}],"wp:attachment":[{"href":"https:\/\/defensacivilduitama.com\/index.php\/wp-json\/wp\/v2\/media?parent=331"}],"curies":[{"name":"wp","href":"https:\/\/api.w.org\/{rel}","templated":true}]}}