{"id":326,"date":"2023-07-05T19:56:37","date_gmt":"2023-07-06T00:56:37","guid":{"rendered":"https:\/\/defensacivilduitama.com\/?page_id=326"},"modified":"2023-07-11T11:07:57","modified_gmt":"2023-07-11T16:07:57","slug":"nuestra-historia","status":"publish","type":"page","link":"https:\/\/defensacivilduitama.com\/index.php\/nuestra-historia\/","title":{"rendered":"Nuestra historia"},"content":{"rendered":"\t\t<div data-elementor-type=\"wp-page\" data-elementor-id=\"326\" class=\"elementor elementor-326\">\n\t\t\t\t\t\t<section class=\"elementor-section elementor-top-section elementor-element elementor-element-2c874e71 elementor-section-full_width elementor-section-height-default elementor-section-height-default\" data-id=\"2c874e71\" data-element_type=\"section\" data-settings=\"{&quot;background_background&quot;:&quot;gradient&quot;}\">\n\t\t\t\t\t\t<div class=\"elementor-container elementor-column-gap-custom\">\n\t\t\t\t\t<div class=\"elementor-column elementor-col-100 elementor-top-column elementor-element elementor-element-72d11b56\" data-id=\"72d11b56\" data-element_type=\"column\">\n\t\t\t<div class=\"elementor-widget-wrap elementor-element-populated\">\n\t\t\t\t\t\t<div class=\"elementor-element elementor-element-62dbe341 elementor-widget elementor-widget-spacer\" data-id=\"62dbe341\" data-element_type=\"widget\" data-widget_type=\"spacer.default\">\n\t\t\t\t<div class=\"elementor-widget-container\">\n\t\t\t<style>\/*! elementor - v3.21.0 - 26-05-2024 *\/\n.elementor-column .elementor-spacer-inner{height:var(--spacer-size)}.e-con{--container-widget-width:100%}.e-con-inner>.elementor-widget-spacer,.e-con>.elementor-widget-spacer{width:var(--container-widget-width,var(--spacer-size));--align-self:var(--container-widget-align-self,initial);--flex-shrink:0}.e-con-inner>.elementor-widget-spacer>.elementor-widget-container,.e-con>.elementor-widget-spacer>.elementor-widget-container{height:100%;width:100%}.e-con-inner>.elementor-widget-spacer>.elementor-widget-container>.elementor-spacer,.e-con>.elementor-widget-spacer>.elementor-widget-container>.elementor-spacer{height:100%}.e-con-inner>.elementor-widget-spacer>.elementor-widget-container>.elementor-spacer>.elementor-spacer-inner,.e-con>.elementor-widget-spacer>.elementor-widget-container>.elementor-spacer>.elementor-spacer-inner{height:var(--container-widget-height,var(--spacer-size))}.e-con-inner>.elementor-widget-spacer.elementor-widget-empty,.e-con>.elementor-widget-spacer.elementor-widget-empty{position:relative;min-height:22px;min-width:22px}.e-con-inner>.elementor-widget-spacer.elementor-widget-empty .elementor-widget-empty-icon,.e-con>.elementor-widget-spacer.elementor-widget-empty .elementor-widget-empty-icon{position:absolute;top:0;bottom:0;left:0;right:0;margin:auto;padding:0;width:22px;height:22px}<\/style>\t\t<div class=\"elementor-spacer\">\n\t\t\t<div class=\"elementor-spacer-inner\"><\/div>\n\t\t<\/div>\n\t\t\t\t<\/div>\n\t\t\t\t<\/div>\n\t\t\t\t\t<\/div>\n\t\t<\/div>\n\t\t\t\t\t<\/div>\n\t\t<\/section>\n\t\t\t\t<section class=\"elementor-section elementor-top-section elementor-element elementor-element-9a284c6 elementor-section-boxed elementor-section-height-default elementor-section-height-default\" data-id=\"9a284c6\" data-element_type=\"section\">\n\t\t\t\t\t\t<div class=\"elementor-container elementor-column-gap-default\">\n\t\t\t\t\t<div class=\"elementor-column elementor-col-50 elementor-top-column elementor-element elementor-element-6cf28f63\" data-id=\"6cf28f63\" data-element_type=\"column\">\n\t\t\t<div class=\"elementor-widget-wrap elementor-element-populated\">\n\t\t\t\t\t\t<div class=\"elementor-element elementor-element-60ac49b4 elementor-widget elementor-widget-heading\" data-id=\"60ac49b4\" data-element_type=\"widget\" data-widget_type=\"heading.default\">\n\t\t\t\t<div class=\"elementor-widget-container\">\n\t\t\t<style>\/*! elementor - v3.21.0 - 26-05-2024 *\/\n.elementor-heading-title{padding:0;margin:0;line-height:1}.elementor-widget-heading .elementor-heading-title[class*=elementor-size-]>a{color:inherit;font-size:inherit;line-height:inherit}.elementor-widget-heading .elementor-heading-title.elementor-size-small{font-size:15px}.elementor-widget-heading .elementor-heading-title.elementor-size-medium{font-size:19px}.elementor-widget-heading .elementor-heading-title.elementor-size-large{font-size:29px}.elementor-widget-heading .elementor-heading-title.elementor-size-xl{font-size:39px}.elementor-widget-heading .elementor-heading-title.elementor-size-xxl{font-size:59px}<\/style><h1 class=\"elementor-heading-title elementor-size-default\">Nuestra historia<\/h1>\t\t<\/div>\n\t\t\t\t<\/div>\n\t\t\t\t<div class=\"elementor-element elementor-element-2e2be3 elementor-widget elementor-widget-text-editor\" data-id=\"2e2be3\" data-element_type=\"widget\" data-widget_type=\"text-editor.default\">\n\t\t\t\t<div class=\"elementor-widget-container\">\n\t\t\t<style>\/*! elementor - v3.21.0 - 26-05-2024 *\/\n.elementor-widget-text-editor.elementor-drop-cap-view-stacked .elementor-drop-cap{background-color:#69727d;color:#fff}.elementor-widget-text-editor.elementor-drop-cap-view-framed .elementor-drop-cap{color:#69727d;border:3px solid;background-color:transparent}.elementor-widget-text-editor:not(.elementor-drop-cap-view-default) .elementor-drop-cap{margin-top:8px}.elementor-widget-text-editor:not(.elementor-drop-cap-view-default) .elementor-drop-cap-letter{width:1em;height:1em}.elementor-widget-text-editor .elementor-drop-cap{float:left;text-align:center;line-height:1;font-size:50px}.elementor-widget-text-editor .elementor-drop-cap-letter{display:inline-block}<\/style>\t\t\t\t<p>La Junta de Defensa Civil de Duitama fue fundada en marzo de 1974 por Ricardo Albarrac\u00edn, quien fue su director en ese entonces. La personer\u00eda jur\u00eddica se obtuvo el 5 de marzo de 1974. En aquel entonces, la Junta trabajaba por comit\u00e9s que patrullaban distintas partes de Duitama.<\/p>\t\t\t\t\t\t<\/div>\n\t\t\t\t<\/div>\n\t\t\t\t\t<\/div>\n\t\t<\/div>\n\t\t\t\t<div class=\"elementor-column elementor-col-50 elementor-top-column elementor-element elementor-element-3680c8\" data-id=\"3680c8\" data-element_type=\"column\">\n\t\t\t<div class=\"elementor-widget-wrap elementor-element-populated\">\n\t\t\t\t\t\t<div class=\"elementor-element elementor-element-e3be422 elementor-widget elementor-widget-image\" data-id=\"e3be422\" data-element_type=\"widget\" data-widget_type=\"image.default\">\n\t\t\t\t<div class=\"elementor-widget-container\">\n\t\t\t<style>\/*! elementor - v3.21.0 - 26-05-2024 *\/\n.elementor-widget-image{text-align:center}.elementor-widget-image a{display:inline-block}.elementor-widget-image a img[src$=\".svg\"]{width:48px}.elementor-widget-image img{vertical-align:middle;display:inline-block}<\/style>\t\t\t\t\t\t\t\t\t\t<img fetchpriority=\"high\" decoding=\"async\" width=\"688\" height=\"524\" src=\"https:\/\/defensacivilduitama.com\/wp-content\/uploads\/2023\/07\/Screenshot_12.png\" class=\"attachment-large size-large wp-image-395\" alt=\"\" srcset=\"https:\/\/defensacivilduitama.com\/wp-content\/uploads\/2023\/07\/Screenshot_12.png 688w, https:\/\/defensacivilduitama.com\/wp-content\/uploads\/2023\/07\/Screenshot_12-300x228.png 300w\" sizes=\"(max-width: 688px) 100vw, 688px\" \/>\t\t\t\t\t\t\t\t\t\t\t\t\t<\/div>\n\t\t\t\t<\/div>\n\t\t\t\t\t<\/div>\n\t\t<\/div>\n\t\t\t\t\t<\/div>\n\t\t<\/section>\n\t\t\t\t<section class=\"elementor-section elementor-top-section elementor-element elementor-element-0a273bb elementor-section-boxed elementor-section-height-default elementor-section-height-default\" data-id=\"0a273bb\" data-element_type=\"section\">\n\t\t\t\t\t\t<div class=\"elementor-container elementor-column-gap-default\">\n\t\t\t\t\t<div class=\"elementor-column elementor-col-50 elementor-top-column elementor-element elementor-element-91b7aa4\" data-id=\"91b7aa4\" data-element_type=\"column\">\n\t\t\t<div class=\"elementor-widget-wrap elementor-element-populated\">\n\t\t\t\t\t\t<div class=\"elementor-element elementor-element-5b43069 elementor-widget elementor-widget-image\" data-id=\"5b43069\" data-element_type=\"widget\" data-widget_type=\"image.default\">\n\t\t\t\t<div class=\"elementor-widget-container\">\n\t\t\t\t\t\t\t\t\t\t\t\t\t<img decoding=\"async\" width=\"768\" height=\"523\" src=\"https:\/\/defensacivilduitama.com\/wp-content\/uploads\/2023\/07\/341843530_3385720061693139_664217585422646658_n-768x523.jpg\" class=\"attachment-medium_large size-medium_large wp-image-393\" alt=\"\" srcset=\"https:\/\/defensacivilduitama.com\/wp-content\/uploads\/2023\/07\/341843530_3385720061693139_664217585422646658_n-768x523.jpg 768w, https:\/\/defensacivilduitama.com\/wp-content\/uploads\/2023\/07\/341843530_3385720061693139_664217585422646658_n-300x204.jpg 300w, https:\/\/defensacivilduitama.com\/wp-content\/uploads\/2023\/07\/341843530_3385720061693139_664217585422646658_n-1024x698.jpg 1024w, https:\/\/defensacivilduitama.com\/wp-content\/uploads\/2023\/07\/341843530_3385720061693139_664217585422646658_n-1536x1046.jpg 1536w, https:\/\/defensacivilduitama.com\/wp-content\/uploads\/2023\/07\/341843530_3385720061693139_664217585422646658_n.jpg 1600w\" sizes=\"(max-width: 768px) 100vw, 768px\" \/>\t\t\t\t\t\t\t\t\t\t\t\t\t<\/div>\n\t\t\t\t<\/div>\n\t\t\t\t<div class=\"elementor-element elementor-element-2102fdf elementor-widget elementor-widget-image\" data-id=\"2102fdf\" data-element_type=\"widget\" data-widget_type=\"image.default\">\n\t\t\t\t<div class=\"elementor-widget-container\">\n\t\t\t\t\t\t\t\t\t\t\t\t\t<img decoding=\"async\" width=\"691\" height=\"518\" src=\"https:\/\/defensacivilduitama.com\/wp-content\/uploads\/2023\/07\/Screenshot_16.png\" class=\"attachment-medium_large size-medium_large wp-image-394\" alt=\"\" srcset=\"https:\/\/defensacivilduitama.com\/wp-content\/uploads\/2023\/07\/Screenshot_16.png 691w, https:\/\/defensacivilduitama.com\/wp-content\/uploads\/2023\/07\/Screenshot_16-300x225.png 300w\" sizes=\"(max-width: 691px) 100vw, 691px\" \/>\t\t\t\t\t\t\t\t\t\t\t\t\t<\/div>\n\t\t\t\t<\/div>\n\t\t\t\t\t<\/div>\n\t\t<\/div>\n\t\t\t\t<div class=\"elementor-column elementor-col-50 elementor-top-column elementor-element elementor-element-4598008\" data-id=\"4598008\" data-element_type=\"column\">\n\t\t\t<div class=\"elementor-widget-wrap elementor-element-populated\">\n\t\t\t\t\t\t<div class=\"elementor-element elementor-element-637963e elementor-drop-cap-yes elementor-drop-cap-view-default elementor-widget elementor-widget-text-editor\" data-id=\"637963e\" data-element_type=\"widget\" data-settings=\"{&quot;drop_cap&quot;:&quot;yes&quot;}\" data-widget_type=\"text-editor.default\">\n\t\t\t\t<div class=\"elementor-widget-container\">\n\t\t\t\t\t\t\t<p>En los a\u00f1os 80 desapareci\u00f3 la Defensa Civil de Duitama porque su personal no alcanzaba a cubrir las necesidades de la comunidad. En 1994 se reinici\u00f3 la Junta de Defensa Civil con 20 personas y en 1996 se graduaron como voluntarios. Realizaron un curso b\u00e1sico y se activ\u00f3 de nuevo la Junta de Defensa Civil de Duitama, encabezada por el presidente Franklin Rico Pizza. Cuatro meses despu\u00e9s y hasta el a\u00f1o 2004 lo sustituy\u00f3 Mauricio Puerto.<\/p><p>Los recursos iniciales solo cubr\u00edan los implementos de los voluntarios y el trabajo se enfocaba en la atenci\u00f3n de incendios, en apoyo del grupo de bomberos y en accidentes de tr\u00e1nsito. Con el tiempo adquirieron m\u00e1s funciones para con la comunidad como la atenci\u00f3n de emergencias m\u00e9dicas, ya de manera independiente.&#8221;<\/p><div><br><\/div>\t\t\t\t\t\t<\/div>\n\t\t\t\t<\/div>\n\t\t\t\t\t<\/div>\n\t\t<\/div>\n\t\t\t\t\t<\/div>\n\t\t<\/section>\n\t\t\t\t<\/div>\n\t\t","protected":false},"excerpt":{"rendered":"<p>Nuestra historia La Junta de Defensa Civil de Duitama fue fundada en marzo de 1974 por Ricardo Albarrac\u00edn, quien fue su director en ese entonces. La personer\u00eda jur\u00eddica se obtuvo el 5 de marzo de 1974. En aquel entonces, la Junta trabajaba por comit\u00e9s que patrullaban distintas partes de Duitama. En los a\u00f1os 80 desapareci\u00f3 &hellip;<\/p>\n<p class=\"read-more\"> <a class=\"\" href=\"https:\/\/defensacivilduitama.com\/index.php\/nuestra-historia\/\"> <span class=\"screen-reader-text\">Nuestra historia<\/span> Leer m\u00e1s &raquo;<\/a><\/p>\n","protected":false},"author":1,"featured_media":0,"parent":0,"menu_order":0,"comment_status":"closed","ping_status":"closed","template":"","meta":{"site-sidebar-layout":"no-sidebar","site-content-layout":"page-builder","ast-global-header-display":"","ast-banner-title-visibility":"","ast-main-header-display":"","ast-hfb-above-header-display":"","ast-hfb-below-header-display":"","ast-hfb-mobile-header-display":"","site-post-title":"disabled","ast-breadcrumbs-content":"","ast-featured-img":"disabled","footer-sml-layout":"","theme-transparent-header-meta":"","adv-header-id-meta":"","stick-header-meta":"","header-above-stick-meta":"","header-main-stick-meta":"","header-below-stick-meta":"","footnotes":""},"class_list":["post-326","page","type-page","status-publish","hentry"],"_links":{"self":[{"href":"https:\/\/defensacivilduitama.com\/index.php\/wp-json\/wp\/v2\/pages\/326"}],"collection":[{"href":"https:\/\/defensacivilduitama.com\/index.php\/wp-json\/wp\/v2\/pages"}],"about":[{"href":"https:\/\/defensacivilduitama.com\/index.php\/wp-json\/wp\/v2\/types\/page"}],"author":[{"embeddable":true,"href":"https:\/\/defensacivilduitama.com\/index.php\/wp-json\/wp\/v2\/users\/1"}],"replies":[{"embeddable":true,"href":"https:\/\/defensacivilduitama.com\/index.php\/wp-json\/wp\/v2\/comments?post=326"}],"version-history":[{"count":14,"href":"https:\/\/defensacivilduitama.com\/index.php\/wp-json\/wp\/v2\/pages\/326\/revisions"}],"predecessor-version":[{"id":455,"href":"https:\/\/defensacivilduitama.com\/index.php\/wp-json\/wp\/v2\/pages\/326\/revisions\/455"}],"wp:attachment":[{"href":"https:\/\/defensacivilduitama.com\/index.php\/wp-json\/wp\/v2\/media?parent=326"}],"curies":[{"name":"wp","href":"https:\/\/api.w.org\/{rel}","templated":true}]}}