{"id":202,"date":"2023-07-03T16:52:21","date_gmt":"2023-07-03T21:52:21","guid":{"rendered":"https:\/\/defensacivilduitama.com\/?page_id=202"},"modified":"2023-07-03T17:32:17","modified_gmt":"2023-07-03T22:32:17","slug":"oracion-a-la-dc","status":"publish","type":"page","link":"https:\/\/defensacivilduitama.com\/index.php\/oracion-a-la-dc\/","title":{"rendered":"Oraci\u00f3n a la DC"},"content":{"rendered":"\t\t<div data-elementor-type=\"wp-page\" data-elementor-id=\"202\" class=\"elementor elementor-202\">\n\t\t\t\t\t\t<section class=\"elementor-section elementor-top-section elementor-element elementor-element-3fe3eab2 elementor-section-full_width elementor-section-height-default elementor-section-height-default\" data-id=\"3fe3eab2\" data-element_type=\"section\" data-settings=\"{&quot;background_background&quot;:&quot;gradient&quot;}\">\n\t\t\t\t\t\t<div class=\"elementor-container elementor-column-gap-custom\">\n\t\t\t\t\t<div class=\"elementor-column elementor-col-100 elementor-top-column elementor-element elementor-element-67488874\" data-id=\"67488874\" data-element_type=\"column\">\n\t\t\t<div class=\"elementor-widget-wrap elementor-element-populated\">\n\t\t\t\t\t\t<div class=\"elementor-element elementor-element-5386b2e5 elementor-widget elementor-widget-spacer\" data-id=\"5386b2e5\" data-element_type=\"widget\" data-widget_type=\"spacer.default\">\n\t\t\t\t<div class=\"elementor-widget-container\">\n\t\t\t<style>\/*! elementor - v3.21.0 - 26-05-2024 *\/\n.elementor-column .elementor-spacer-inner{height:var(--spacer-size)}.e-con{--container-widget-width:100%}.e-con-inner>.elementor-widget-spacer,.e-con>.elementor-widget-spacer{width:var(--container-widget-width,var(--spacer-size));--align-self:var(--container-widget-align-self,initial);--flex-shrink:0}.e-con-inner>.elementor-widget-spacer>.elementor-widget-container,.e-con>.elementor-widget-spacer>.elementor-widget-container{height:100%;width:100%}.e-con-inner>.elementor-widget-spacer>.elementor-widget-container>.elementor-spacer,.e-con>.elementor-widget-spacer>.elementor-widget-container>.elementor-spacer{height:100%}.e-con-inner>.elementor-widget-spacer>.elementor-widget-container>.elementor-spacer>.elementor-spacer-inner,.e-con>.elementor-widget-spacer>.elementor-widget-container>.elementor-spacer>.elementor-spacer-inner{height:var(--container-widget-height,var(--spacer-size))}.e-con-inner>.elementor-widget-spacer.elementor-widget-empty,.e-con>.elementor-widget-spacer.elementor-widget-empty{position:relative;min-height:22px;min-width:22px}.e-con-inner>.elementor-widget-spacer.elementor-widget-empty .elementor-widget-empty-icon,.e-con>.elementor-widget-spacer.elementor-widget-empty .elementor-widget-empty-icon{position:absolute;top:0;bottom:0;left:0;right:0;margin:auto;padding:0;width:22px;height:22px}<\/style>\t\t<div class=\"elementor-spacer\">\n\t\t\t<div class=\"elementor-spacer-inner\"><\/div>\n\t\t<\/div>\n\t\t\t\t<\/div>\n\t\t\t\t<\/div>\n\t\t\t\t\t<\/div>\n\t\t<\/div>\n\t\t\t\t\t<\/div>\n\t\t<\/section>\n\t\t\t\t<section class=\"elementor-section elementor-top-section elementor-element elementor-element-2f9793f elementor-section-boxed elementor-section-height-default elementor-section-height-default\" data-id=\"2f9793f\" data-element_type=\"section\">\n\t\t\t\t\t\t<div class=\"elementor-container elementor-column-gap-default\">\n\t\t\t\t\t<div class=\"elementor-column elementor-col-100 elementor-top-column elementor-element elementor-element-7b6808ee\" data-id=\"7b6808ee\" data-element_type=\"column\">\n\t\t\t<div class=\"elementor-widget-wrap elementor-element-populated\">\n\t\t\t\t\t\t<div class=\"elementor-element elementor-element-2eb5d6b7 elementor-widget elementor-widget-heading\" data-id=\"2eb5d6b7\" data-element_type=\"widget\" data-widget_type=\"heading.default\">\n\t\t\t\t<div class=\"elementor-widget-container\">\n\t\t\t<style>\/*! elementor - v3.21.0 - 26-05-2024 *\/\n.elementor-heading-title{padding:0;margin:0;line-height:1}.elementor-widget-heading .elementor-heading-title[class*=elementor-size-]>a{color:inherit;font-size:inherit;line-height:inherit}.elementor-widget-heading .elementor-heading-title.elementor-size-small{font-size:15px}.elementor-widget-heading .elementor-heading-title.elementor-size-medium{font-size:19px}.elementor-widget-heading .elementor-heading-title.elementor-size-large{font-size:29px}.elementor-widget-heading .elementor-heading-title.elementor-size-xl{font-size:39px}.elementor-widget-heading .elementor-heading-title.elementor-size-xxl{font-size:59px}<\/style><h1 class=\"elementor-heading-title elementor-size-default\">ORACI\u00d3N<\/h1>\t\t<\/div>\n\t\t\t\t<\/div>\n\t\t\t\t<div class=\"elementor-element elementor-element-66232fb elementor-widget elementor-widget-audio\" data-id=\"66232fb\" data-element_type=\"widget\" data-widget_type=\"audio.default\">\n\t\t\t\t<div class=\"elementor-widget-container\">\n\t\t\t\t\t\t<div class=\"elementor-soundcloud-wrapper\">\n\t\t\t\t<iframe width=\"500\" height=\"200\" frameborder=\"no\" src=\"https:\/\/w.soundcloud.com\/player\/?visual=false&#038;url=https%3A%2F%2Fapi.soundcloud.com%2Ftracks%2F1555458580&#038;show_artwork=true&#038;maxheight=750&#038;maxwidth=500&#038;auto_play=false&#038;buying=false&#038;liking=false&#038;download=false&#038;sharing=false&#038;show_comments=false&#038;show_playcount=true&#038;show_user=true&#038;color\"><\/iframe>\t\t\t<\/div>\n\t\t\t\t\t<\/div>\n\t\t\t\t<\/div>\n\t\t\t\t<div class=\"elementor-element elementor-element-313da57d elementor-widget elementor-widget-text-editor\" data-id=\"313da57d\" data-element_type=\"widget\" data-widget_type=\"text-editor.default\">\n\t\t\t\t<div class=\"elementor-widget-container\">\n\t\t\t<style>\/*! elementor - v3.21.0 - 26-05-2024 *\/\n.elementor-widget-text-editor.elementor-drop-cap-view-stacked .elementor-drop-cap{background-color:#69727d;color:#fff}.elementor-widget-text-editor.elementor-drop-cap-view-framed .elementor-drop-cap{color:#69727d;border:3px solid;background-color:transparent}.elementor-widget-text-editor:not(.elementor-drop-cap-view-default) .elementor-drop-cap{margin-top:8px}.elementor-widget-text-editor:not(.elementor-drop-cap-view-default) .elementor-drop-cap-letter{width:1em;height:1em}.elementor-widget-text-editor .elementor-drop-cap{float:left;text-align:center;line-height:1;font-size:50px}.elementor-widget-text-editor .elementor-drop-cap-letter{display:inline-block}<\/style>\t\t\t\t<p><b>Se\u00f1or:&nbsp;<\/b><\/p><p><span style=\"font-style: inherit; background-color: var(--ast-global-color-5);\">Da\u00f1os la fortaleza de hombres valerosos<\/span><br><\/p><p>Para trabajar siempre en pro de la humanidad adolorida,<\/p><p>Los corazones sin odio para entregar lo mejor de nosotros<\/p><p>A los que sufren, a los que lloran, los que han perdido su techo,<\/p><p>Su pan, sus seres queridos por los incendios, por las inundaciones,<\/p><p>Por los terremotos, por los accidentes.<\/p><p><b><br><\/b><\/p><p><b>Se\u00f1or:<\/b><\/p><p><span style=\"font-style: inherit; font-weight: inherit; background-color: var(--ast-global-color-5);\">Mant\u00e9n nuestras almas dispuestas siempre para ayudar<\/span><br><\/p><p>a los pobres y marginados, los desplazados,<\/p><p>las madres cabeza de familia, a los abandonados<\/p><p>que buscan a diario y con penuria la manera de vivir.<\/p><p><br><\/p><p>Que siempre estemos a la hora precisa para efectuar los salvamentos,<\/p><p>suministrando los primeros auxilios en tu nombre.<\/p><p>Que no haya odio en nuestros esp\u00edritus<\/p><p>Que nuestras bocas canten tus alabanzas y<\/p><p><b><br><\/b><\/p><p>Que el trabajo brille en nuestras manos haciendo siempre<\/p><p>El bien, para probar en todo momento que somos tus hijos<\/p><p>Y para as\u00ed sentirnos verdaderos colombianos.<\/p><p><b><br><\/b><\/p><p><b>&nbsp;Se\u00f1or:<\/b><\/p><p><span style=\"font-style: inherit; font-weight: inherit; background-color: var(--ast-global-color-5);\">bend\u00edcenos para que estemos siempre<\/span><br><\/p><p><b style=\"font-style: inherit; background-color: var(--ast-global-color-5);\">&#8220;LISTOS EN PAZ O EMERGENCIA&#8221;<\/b><br><\/p><div><br><\/div>\n<p><\/p>\t\t\t\t\t\t<\/div>\n\t\t\t\t<\/div>\n\t\t\t\t\t<\/div>\n\t\t<\/div>\n\t\t\t\t\t<\/div>\n\t\t<\/section>\n\t\t\t\t<\/div>\n\t\t","protected":false},"excerpt":{"rendered":"<p>ORACI\u00d3N Se\u00f1or:&nbsp; Da\u00f1os la fortaleza de hombres valerosos Para trabajar siempre en pro de la humanidad adolorida, Los corazones sin odio para entregar lo mejor de nosotros A los que sufren, a los que lloran, los que han perdido su techo, Su pan, sus seres queridos por los incendios, por las inundaciones, Por los terremotos, &hellip;<\/p>\n<p class=\"read-more\"> <a class=\"\" href=\"https:\/\/defensacivilduitama.com\/index.php\/oracion-a-la-dc\/\"> <span class=\"screen-reader-text\">Oraci\u00f3n a la DC<\/span> Leer m\u00e1s &raquo;<\/a><\/p>\n","protected":false},"author":1,"featured_media":0,"parent":0,"menu_order":0,"comment_status":"closed","ping_status":"closed","template":"","meta":{"site-sidebar-layout":"no-sidebar","site-content-layout":"page-builder","ast-global-header-display":"","ast-banner-title-visibility":"","ast-main-header-display":"","ast-hfb-above-header-display":"","ast-hfb-below-header-display":"","ast-hfb-mobile-header-display":"","site-post-title":"disabled","ast-breadcrumbs-content":"","ast-featured-img":"disabled","footer-sml-layout":"","theme-transparent-header-meta":"","adv-header-id-meta":"","stick-header-meta":"","header-above-stick-meta":"","header-main-stick-meta":"","header-below-stick-meta":"","footnotes":""},"class_list":["post-202","page","type-page","status-publish","hentry"],"_links":{"self":[{"href":"https:\/\/defensacivilduitama.com\/index.php\/wp-json\/wp\/v2\/pages\/202"}],"collection":[{"href":"https:\/\/defensacivilduitama.com\/index.php\/wp-json\/wp\/v2\/pages"}],"about":[{"href":"https:\/\/defensacivilduitama.com\/index.php\/wp-json\/wp\/v2\/types\/page"}],"author":[{"embeddable":true,"href":"https:\/\/defensacivilduitama.com\/index.php\/wp-json\/wp\/v2\/users\/1"}],"replies":[{"embeddable":true,"href":"https:\/\/defensacivilduitama.com\/index.php\/wp-json\/wp\/v2\/comments?post=202"}],"version-history":[{"count":16,"href":"https:\/\/defensacivilduitama.com\/index.php\/wp-json\/wp\/v2\/pages\/202\/revisions"}],"predecessor-version":[{"id":242,"href":"https:\/\/defensacivilduitama.com\/index.php\/wp-json\/wp\/v2\/pages\/202\/revisions\/242"}],"wp:attachment":[{"href":"https:\/\/defensacivilduitama.com\/index.php\/wp-json\/wp\/v2\/media?parent=202"}],"curies":[{"name":"wp","href":"https:\/\/api.w.org\/{rel}","templated":true}]}}